{"id":7,"date":"2014-01-15T23:17:29","date_gmt":"2014-01-15T22:17:29","guid":{"rendered":"http:\/\/www.aajosa.lautre.net\/mylasuka\/?page_id=7"},"modified":"2014-01-15T23:31:49","modified_gmt":"2014-01-15T22:31:49","slug":"a-propos","status":"publish","type":"page","link":"http:\/\/www.aajosa.lautre.net\/mylasuka\/?page_id=7","title":{"rendered":"\u00e0 propos"},"content":{"rendered":"<p>Quelques mois de pr\u00e9paration pour ce voyage: de Brest (chez nous, ou plut\u00f4t \u00e0 c\u00f4t\u00e9) jusqu&rsquo;\u00e0 Noum\u00e9a, o\u00f9 sont Sam et Jos\u00e9.<\/p>\n<p>Nous, <strong>A<\/strong>ndr\u00e9e et <strong>A<\/strong>lain, sommes les parents. <strong>Sa<\/strong>m et <strong>Jo<\/strong>s\u00e9 sont nos (grands) enfants, ils habitent l\u00e0-bas, de l&rsquo;autre c\u00f4t\u00e9&#8230;<\/p>\n<p>La visite valait bien quelques d\u00e9tours :<\/p>\n<ul>\n<li>\n<address>My pour Myanmar (Birmanie)<\/address>\n<\/li>\n<li>\n<address>La pour Laos<\/address>\n<\/li>\n<li>\n<address>Su pour Sulawesi (les C\u00e9l\u00e8bes)<\/address>\n<\/li>\n<li>\n<address>Ka pour Kanaky<\/address>\n<\/li>\n<\/ul>\n<p>Nous avons 10 semaines.<\/p>\n<p>Pour l&rsquo;adresse du blog, vous aurez interpr\u00e9t\u00e9 <strong>aajosa<\/strong>&#8230;<\/p>\n","protected":false},"excerpt":{"rendered":"<p>Quelques mois de pr\u00e9paration pour ce voyage: de Brest (chez nous, ou plut\u00f4t \u00e0 c\u00f4t\u00e9) jusqu&rsquo;\u00e0 Noum\u00e9a, o\u00f9 sont Sam et Jos\u00e9. Nous, Andr\u00e9e et Alain, sommes les parents. Sam et Jos\u00e9 sont nos (grands) enfants, ils habitent l\u00e0-bas, de l&rsquo;autre c\u00f4t\u00e9&#8230; La visite valait bien quelques d\u00e9tours : My pour Myanmar (Birmanie) La pour [&hellip;]<\/p>\n","protected":false},"author":1,"featured_media":0,"parent":0,"menu_order":0,"comment_status":"open","ping_status":"open","template":"","meta":[],"_links":{"self":[{"href":"http:\/\/www.aajosa.lautre.net\/mylasuka\/index.php?rest_route=\/wp\/v2\/pages\/7"}],"collection":[{"href":"http:\/\/www.aajosa.lautre.net\/mylasuka\/index.php?rest_route=\/wp\/v2\/pages"}],"about":[{"href":"http:\/\/www.aajosa.lautre.net\/mylasuka\/index.php?rest_route=\/wp\/v2\/types\/page"}],"author":[{"embeddable":true,"href":"http:\/\/www.aajosa.lautre.net\/mylasuka\/index.php?rest_route=\/wp\/v2\/users\/1"}],"replies":[{"embeddable":true,"href":"http:\/\/www.aajosa.lautre.net\/mylasuka\/index.php?rest_route=%2Fwp%2Fv2%2Fcomments&post=7"}],"version-history":[{"count":9,"href":"http:\/\/www.aajosa.lautre.net\/mylasuka\/index.php?rest_route=\/wp\/v2\/pages\/7\/revisions"}],"predecessor-version":[{"id":17,"href":"http:\/\/www.aajosa.lautre.net\/mylasuka\/index.php?rest_route=\/wp\/v2\/pages\/7\/revisions\/17"}],"wp:attachment":[{"href":"http:\/\/www.aajosa.lautre.net\/mylasuka\/index.php?rest_route=%2Fwp%2Fv2%2Fmedia&parent=7"}],"curies":[{"name":"wp","href":"https:\/\/api.w.org\/{rel}","templated":true}]}}